{"id":2,"date":"2020-04-16T07:07:06","date_gmt":"2020-04-16T07:07:06","guid":{"rendered":"https:\/\/tebamontaze.cz\/?page_id=2"},"modified":"2022-04-20T23:14:22","modified_gmt":"2022-04-20T21:14:22","slug":"zkusebni-stranka","status":"publish","type":"page","link":"https:\/\/www.tebamontaze.cz\/","title":{"rendered":"P\u0159edstaven\u00ed spole\u010dnosti"},"content":{"rendered":"<div class=\"art-layout-cell\">\n<p><span data-contrast=\"auto\">Spole\u010dnost TEBA MONT\u00c1\u017dE, s.r.o. <\/span><span data-contrast=\"auto\">byla ofici\u00e1ln\u011b zalo\u017eena v roce 2013 panem Richardem \u0160\u00edrkem. Jej\u00ed z\u00e1klady v\u0161ak <\/span><span data-contrast=\"auto\">sahaj\u00ed <\/span><span data-contrast=\"auto\">a\u017e <\/span><span data-contrast=\"auto\">do roku 2008.\u00a0<\/span><span data-ccp-props=\"{&quot;201341983&quot;:0,&quot;335551550&quot;:1,&quot;335551620&quot;:1,&quot;335559739&quot;:160,&quot;335559740&quot;:259}\">\u00a0<\/span><\/p>\n<p><span data-contrast=\"auto\">Hlavn\u00ed \u010dinnost\u00ed od sv\u00e9ho vzniku jsou opravn\u00e9, mont\u00e1\u017en\u00ed a demont\u00e1\u017en\u00ed pr\u00e1ce na stroj\u00edch a za\u0159\u00edzen\u00ed na dob\u00fdv\u00e1n\u00ed a t\u011b\u017ebu<\/span><span data-contrast=\"auto\">.<\/span><span data-ccp-props=\"{&quot;201341983&quot;:0,&quot;335551550&quot;:1,&quot;335551620&quot;:1,&quot;335559739&quot;:160,&quot;335559740&quot;:259}\">\u00a0<\/span><\/p>\n<p><span data-contrast=\"auto\">Od roku 201<\/span><span data-contrast=\"auto\">4<\/span> <span data-contrast=\"auto\">se<\/span><span data-contrast=\"auto\"> zab\u00fdv\u00e1me<\/span> <span data-contrast=\"none\">kompletn\u00edm servisem v oblasti instalat\u00e9rstv\u00ed<\/span><span data-contrast=\"none\">, potrub\u00e1\u0159stv\u00ed a<\/span><span data-contrast=\"none\"> topen\u00e1\u0159stv\u00ed v\u010detn\u011b domovn\u00edch kotelen<\/span><span data-contrast=\"none\"> pro bytov\u00e9 domy a rodinn\u00e9 domy.<\/span><span data-ccp-props=\"{&quot;201341983&quot;:0,&quot;335551550&quot;:1,&quot;335551620&quot;:1,&quot;335559739&quot;:160,&quot;335559740&quot;:259}\">\u00a0<\/span><\/p>\n<\/div>\n<p><span data-contrast=\"auto\">Veden\u00ed\u00a0spole\u010dnosti s\u00eddl\u00ed v\u00a0are\u00e1lu b\u00fdval\u00e9 pek\u00e1rny v Kadani v ulici Poln\u00ed 1109. Spole\u010dnost zde m\u00e1 d\u00edlnu a sklad pro topen\u00e1\u0159sk\u00e9, instalat\u00e9rsk\u00e9 a izolat\u00e9rsk\u00e9 \u010dinnosti.\u00a0<\/span><span data-ccp-props=\"{&quot;201341983&quot;:0,&quot;335559739&quot;:160,&quot;335559740&quot;:259}\">\u00a0<\/span><\/p>\n<p><span data-contrast=\"auto\">Provozovna pro \u00fadr\u017ebu strojn\u00edch za\u0159\u00edzen\u00ed se nach\u00e1z\u00ed v are\u00e1lu DNT Tu\u0161imice. Zahrnuje pln\u011b vybavenou d\u00edlnu o velikosti 600 metr\u016f \u010dtvere\u010dn\u00ed v\u010detn\u011b pozemku o rozloze 11 000 metr\u016f \u010dtvere\u010dn\u00ed.<\/span> <span data-contrast=\"none\">Vlastn\u00edme pln\u011b vybaven\u00e1 mont\u00e1\u017en\u00ed vozidla V3S (8x), ter\u00e9nn\u00ed vozidla L200 (5x) a 9-m\u00edstn\u00e9 n\u00e1kladn\u00ed vozidla.\u00a0<\/span><span data-ccp-props=\"{&quot;201341983&quot;:1,&quot;335551550&quot;:6,&quot;335551620&quot;:6,&quot;335559685&quot;:3,&quot;335559739&quot;:160,&quot;335559740&quot;:240,&quot;335559991&quot;:3}\">\u00a0<\/span><\/p>\n<div id=\"gtx-trans\" style=\"position: absolute; left: -69px; top: -16px;\"><\/div>\n","protected":false},"excerpt":{"rendered":"<p>Spole\u010dnost TEBA MONT\u00c1\u017dE, s.r.o. byla ofici\u00e1ln\u011b zalo\u017eena v roce 2013 panem Richardem \u0160\u00edrkem. Jej\u00ed z\u00e1klady v\u0161ak sahaj\u00ed a\u017e do roku 2008.\u00a0\u00a0 Hlavn\u00ed \u010dinnost\u00ed od sv\u00e9ho vzniku jsou opravn\u00e9, mont\u00e1\u017en\u00ed a demont\u00e1\u017en\u00ed pr\u00e1ce na stroj\u00edch a za\u0159\u00edzen\u00ed na dob\u00fdv\u00e1n\u00ed a t\u011b\u017ebu.\u00a0 Od roku 2014 se zab\u00fdv\u00e1me kompletn\u00edm servisem v oblasti instalat\u00e9rstv\u00ed, potrub\u00e1\u0159stv\u00ed a topen\u00e1\u0159stv\u00ed v\u010detn\u011b domovn\u00edch [&hellip;]<\/p>\n","protected":false},"author":3,"featured_media":0,"parent":0,"menu_order":0,"comment_status":"closed","ping_status":"open","template":"","meta":[],"_links":{"self":[{"href":"https:\/\/www.tebamontaze.cz\/index.php?rest_route=\/wp\/v2\/pages\/2"}],"collection":[{"href":"https:\/\/www.tebamontaze.cz\/index.php?rest_route=\/wp\/v2\/pages"}],"about":[{"href":"https:\/\/www.tebamontaze.cz\/index.php?rest_route=\/wp\/v2\/types\/page"}],"author":[{"embeddable":true,"href":"https:\/\/www.tebamontaze.cz\/index.php?rest_route=\/wp\/v2\/users\/3"}],"replies":[{"embeddable":true,"href":"https:\/\/www.tebamontaze.cz\/index.php?rest_route=%2Fwp%2Fv2%2Fcomments&post=2"}],"version-history":[{"count":26,"href":"https:\/\/www.tebamontaze.cz\/index.php?rest_route=\/wp\/v2\/pages\/2\/revisions"}],"predecessor-version":[{"id":200,"href":"https:\/\/www.tebamontaze.cz\/index.php?rest_route=\/wp\/v2\/pages\/2\/revisions\/200"}],"wp:attachment":[{"href":"https:\/\/www.tebamontaze.cz\/index.php?rest_route=%2Fwp%2Fv2%2Fmedia&parent=2"}],"curies":[{"name":"wp","href":"https:\/\/api.w.org\/{rel}","templated":true}]}}